{"id":8,"date":"2024-10-21T12:23:51","date_gmt":"2024-10-21T10:23:51","guid":{"rendered":"http:\/\/localhost:8888\/nois-thaimassage.de\/?page_id=2"},"modified":"2025-10-21T13:55:40","modified_gmt":"2025-10-21T13:55:40","slug":"startseite","status":"publish","type":"page","link":"https:\/\/www.nois-thaimassage-freising.com\/","title":{"rendered":"Startseite"},"content":{"rendered":"\t\t<div data-elementor-type=\"wp-page\" data-elementor-id=\"8\" class=\"elementor elementor-8\" data-elementor-post-type=\"page\">\n\t\t\t\t<div class=\"elementor-element elementor-element-e15aa95 e-con-full e-flex e-con e-parent\" data-id=\"e15aa95\" data-element_type=\"container\" data-settings=\"{&quot;background_background&quot;:&quot;slideshow&quot;,&quot;background_slideshow_gallery&quot;:[{&quot;id&quot;:123,&quot;url&quot;:&quot;https:\\\/\\\/www.nois-thaimassage-freising.com\\\/wp-content\\\/uploads\\\/2025\\\/08\\\/OIH95C0-minmin-2500.jpg&quot;},{&quot;id&quot;:141,&quot;url&quot;:&quot;https:\\\/\\\/www.nois-thaimassage-freising.com\\\/wp-content\\\/uploads\\\/2025\\\/08\\\/relaxed-smiling-woman-receiving-back-massage-spa6-min-scaled-1-1024x683-1.jpg&quot;},{&quot;id&quot;:132,&quot;url&quot;:&quot;https:\\\/\\\/www.nois-thaimassage-freising.com\\\/wp-content\\\/uploads\\\/2025\\\/08\\\/relaxed-smiling-woman-receiving-back-massage-spa-min-scaled-1-1024x683-1.jpg&quot;},{&quot;id&quot;:114,&quot;url&quot;:&quot;https:\\\/\\\/www.nois-thaimassage-freising.com\\\/wp-content\\\/uploads\\\/2025\\\/08\\\/O6YSAW0-min-min-1024x683-1.jpg&quot;}],&quot;background_slideshow_loop&quot;:&quot;yes&quot;,&quot;background_slideshow_slide_duration&quot;:5000,&quot;background_slideshow_slide_transition&quot;:&quot;fade&quot;,&quot;background_slideshow_transition_duration&quot;:500}\">\n\t\t\t\t<div class=\"elementor-element elementor-element-16e2910 elementor-widget elementor-widget-heading\" data-id=\"16e2910\" data-element_type=\"widget\" data-widget_type=\"heading.default\">\n\t\t\t\t\t<h3 class=\"elementor-heading-title elementor-size-default\">Traditionelle Thai-Massage in Freising <\/h3>\t\t\t\t<\/div>\n\t\t\t\t<div class=\"elementor-element elementor-element-0427b52 elementor-widget elementor-widget-heading\" data-id=\"0427b52\" data-element_type=\"widget\" data-widget_type=\"heading.default\">\n\t\t\t\t\t<h1 class=\"elementor-heading-title elementor-size-default\">\nNoi\u00b4s Thaimassage\n<\/h1>\t\t\t\t<\/div>\n\t\t\t\t<div class=\"elementor-element elementor-element-d9b2f9e elementor-widget elementor-widget-text-editor\" data-id=\"d9b2f9e\" data-element_type=\"widget\" data-widget_type=\"text-editor.default\">\n\t\t\t\t\t\t\t\t\t<p>Wir bieten klassische Thai-Massage an. Wir haben verschiedene Behandlungen f\u00fcr Sie zur Auswahl.<br \/>Rufen Sie uns unter 0176 637 610 83 an oder besuchen Sie uns Am Heiliggeistgasse 24 in Freising. Herzlich willkommen!<\/p>\t\t\t\t\t\t\t\t<\/div>\n\t\t\t\t<\/div>\n\t\t<div class=\"elementor-element elementor-element-5b90a67b e-flex e-con-boxed e-con e-parent\" data-id=\"5b90a67b\" data-element_type=\"container\" data-settings=\"{&quot;background_background&quot;:&quot;classic&quot;}\">\n\t\t\t\t\t<div class=\"e-con-inner\">\n\t\t\t\t<div class=\"elementor-element elementor-element-32df8eb elementor-widget elementor-widget-spacer\" data-id=\"32df8eb\" data-element_type=\"widget\" data-widget_type=\"spacer.default\">\n\t\t\t\t\t\t\t<div class=\"elementor-spacer\">\n\t\t\t<div class=\"elementor-spacer-inner\"><\/div>\n\t\t<\/div>\n\t\t\t\t\t\t<\/div>\n\t\t\t\t<div class=\"elementor-element elementor-element-0218a28 elementor-widget elementor-widget-heading\" data-id=\"0218a28\" data-element_type=\"widget\" data-widget_type=\"heading.default\">\n\t\t\t\t\t<h2 class=\"elementor-heading-title elementor-size-default\">Herzlich Willkommen<\/h2>\t\t\t\t<\/div>\n\t\t\t\t<div class=\"elementor-element elementor-element-22f1c54 elementor-widget elementor-widget-text-editor\" data-id=\"22f1c54\" data-element_type=\"widget\" data-widget_type=\"text-editor.default\">\n\t\t\t\t\t\t\t\t\t<p>Willkommen bei Noi\u00b4s Thaimassage. Wir bieten traditionelle Thai-Massagen an. Wir haben viele verschiedene Behandlungen zur Auswahl. Die Massageanwendungen sollen k\u00fcnftigen Schmerzen vorbeugen und entgegenwirken sowie aktuelle Schmerzen lindern. Mit der Massage k\u00f6nnen wir Ihnen helfen, bestimmte Muskelverspannungen aufgrund von Krankheit, Alter oder anderen k\u00f6rperlichen Aktivit\u00e4ten zu behandeln und zu lindern. F\u00fcr bessere Ergebnisse wird empfohlen, zu wiederholten Behandlungen vorbeizukommen.<\/p>\t\t\t\t\t\t\t\t<\/div>\n\t\t<div class=\"elementor-element elementor-element-afd06ca e-grid e-con-boxed e-con e-child\" data-id=\"afd06ca\" data-element_type=\"container\">\n\t\t\t\t\t<div class=\"e-con-inner\">\n\t\t\t\t<div class=\"elementor-element elementor-element-ae1aaf1 elementor-widget elementor-widget-image\" data-id=\"ae1aaf1\" data-element_type=\"widget\" data-widget_type=\"image.default\">\n\t\t\t\t\t\t\t\t\t\t\t\t\t\t\t<img decoding=\"async\" src=\"https:\/\/www.nois-thaimassage-freising.com\/wp-content\/uploads\/elementor\/thumbs\/relaxed-smiling-woman-receiving-back-massage-spa-min-scaled-1-300x200-1-rdjapu81turhrsaef7ziekqnxex1hu5eypxfo7y1z2.jpg\" title=\"relaxed-smiling-woman-receiving-back-massage-spa-min-scaled-1-300&#215;200\" alt=\"relaxed-smiling-woman-receiving-back-massage-spa-min-scaled-1-300x200\" loading=\"lazy\" \/>\t\t\t\t\t\t\t\t\t\t\t\t\t\t\t<\/div>\n\t\t\t\t<div class=\"elementor-element elementor-element-b2e34ce elementor-widget elementor-widget-image\" data-id=\"b2e34ce\" data-element_type=\"widget\" data-widget_type=\"image.default\">\n\t\t\t\t\t\t\t\t\t\t\t\t\t\t\t<img decoding=\"async\" src=\"https:\/\/www.nois-thaimassage-freising.com\/wp-content\/uploads\/2025\/09\/relaxed-smiling-woman-receiving-back-massage-spa2-min-scaled-q1t5bedundlzy0vcip2peq72l8ea79ewpx2jvxi4qm.jpg\" title=\"relaxed-smiling-woman-receiving-back-massage-spa2-min-scaled-q1t5bedundlzy0vcip2peq72l8ea79ewpx2jvxi4qm\" alt=\"relaxed-smiling-woman-receiving-back-massage-spa2-min-scaled-q1t5bedundlzy0vcip2peq72l8ea79ewpx2jvxi4qm\" loading=\"lazy\" \/>\t\t\t\t\t\t\t\t\t\t\t\t\t\t\t<\/div>\n\t\t\t\t<div class=\"elementor-element elementor-element-41733bd elementor-widget elementor-widget-image\" data-id=\"41733bd\" data-element_type=\"widget\" data-widget_type=\"image.default\">\n\t\t\t\t\t\t\t\t\t\t\t\t\t\t\t<img decoding=\"async\" src=\"https:\/\/www.nois-thaimassage-freising.com\/wp-content\/uploads\/elementor\/thumbs\/close-up-masseur-s-hands-drop-massage-oil-flows-down-his-hand-loss-scaled-q1t5ngnacu4gxvck2wsceom118xuzfawdmgvlrm8vy-rdjapmpcb6h76wlbn4qhummz6by3s9bk9opju097cu.jpg\" title=\"close-up-masseur-s-hands-drop-massage-oil-flows-down-his-hand-loss-scaled-q1t5ngnacu4gxvck2wsceom118xuzfawdmgvlrm8vy\" alt=\"close-up-masseur-s-hands-drop-massage-oil-flows-down-his-hand-loss-scaled-q1t5ngnacu4gxvck2wsceom118xuzfawdmgvlrm8vy\" loading=\"lazy\" \/>\t\t\t\t\t\t\t\t\t\t\t\t\t\t\t<\/div>\n\t\t\t\t\t<\/div>\n\t\t\t\t<\/div>\n\t\t\t\t\t<\/div>\n\t\t\t\t<\/div>\n\t\t<div class=\"elementor-element elementor-element-f82cfa5 e-con-full e-flex e-con e-parent\" data-id=\"f82cfa5\" data-element_type=\"container\" data-settings=\"{&quot;background_background&quot;:&quot;classic&quot;,&quot;background_motion_fx_motion_fx_scrolling&quot;:&quot;yes&quot;,&quot;background_motion_fx_translateY_effect&quot;:&quot;yes&quot;,&quot;background_motion_fx_translateY_speed&quot;:{&quot;unit&quot;:&quot;px&quot;,&quot;size&quot;:4,&quot;sizes&quot;:[]},&quot;background_motion_fx_translateY_affectedRange&quot;:{&quot;unit&quot;:&quot;%&quot;,&quot;size&quot;:&quot;&quot;,&quot;sizes&quot;:{&quot;start&quot;:0,&quot;end&quot;:100}},&quot;background_motion_fx_devices&quot;:[&quot;desktop&quot;,&quot;tablet&quot;,&quot;mobile&quot;]}\">\n\t\t\t\t<div class=\"elementor-element elementor-element-fa4d1b6 elementor-widget elementor-widget-heading\" data-id=\"fa4d1b6\" data-element_type=\"widget\" data-widget_type=\"heading.default\">\n\t\t\t\t\t<h2 class=\"elementor-heading-title elementor-size-default\">Wir bieten<\/h2>\t\t\t\t<\/div>\n\t\t\t\t<div class=\"elementor-element elementor-element-bce5582 elementor-widget elementor-widget-text-editor\" data-id=\"bce5582\" data-element_type=\"widget\" data-widget_type=\"text-editor.default\">\n\t\t\t\t\t\t\t\t\t<p>Traditionelle Thai-Massage<br \/>Thaimassage Mit \u00d6l<br \/>Aroma\u00f6lmassage<br \/>Nacken-R\u00fcckenmassage<br \/>Thai Hot Stone Massage<br \/>Reflexzonenmassage<\/p>\t\t\t\t\t\t\t\t<\/div>\n\t\t\t\t<div class=\"elementor-element elementor-element-37172fb elementor-widget elementor-widget-heading\" data-id=\"37172fb\" data-element_type=\"widget\" data-widget_type=\"heading.default\">\n\t\t\t\t\t<h3 class=\"elementor-heading-title elementor-size-default\">Keine Erotische Massage\n<\/h3>\t\t\t\t<\/div>\n\t\t\t\t<\/div>\n\t\t<div class=\"elementor-element elementor-element-ecf887e e-flex e-con-boxed e-con e-parent\" data-id=\"ecf887e\" data-element_type=\"container\" data-settings=\"{&quot;background_background&quot;:&quot;classic&quot;}\">\n\t\t\t\t\t<div class=\"e-con-inner\">\n\t\t\t\t<div class=\"elementor-element elementor-element-abcfb03 elementor-widget elementor-widget-image\" data-id=\"abcfb03\" data-element_type=\"widget\" data-widget_type=\"image.default\">\n\t\t\t\t\t\t\t\t\t\t\t\t\t\t\t<img decoding=\"async\" width=\"300\" height=\"150\" src=\"https:\/\/www.nois-thaimassage-freising.com\/wp-content\/uploads\/2025\/10\/frangipani-flower-isolated-white-background-minmin-300x150-1.png\" class=\"attachment-medium size-medium wp-image-523\" alt=\"\" \/>\t\t\t\t\t\t\t\t\t\t\t\t\t\t\t<\/div>\n\t\t\t\t<div class=\"elementor-element elementor-element-ffeed4f elementor-widget elementor-widget-heading\" data-id=\"ffeed4f\" data-element_type=\"widget\" data-widget_type=\"heading.default\">\n\t\t\t\t\t<h2 class=\"elementor-heading-title elementor-size-default\">Thai Massage<\/h2>\t\t\t\t<\/div>\n\t\t\t\t<div class=\"elementor-element elementor-element-2129e57 elementor-widget elementor-widget-text-editor\" data-id=\"2129e57\" data-element_type=\"widget\" data-widget_type=\"text-editor.default\">\n\t\t\t\t\t\t\t\t\t<p>Die Behandlung des K\u00f6rpers mit Massagen ist eine alte Tradition, die bis heute weiterlebt. Studien belegen, dass Massage eine wirksame Behandlungsmethode zur Behandlung von Schmerzen, sogar zur Entspannung ist. Die Thai-Massage ist eine Kombination aus Yoga, Dehnung und Akupressur und arbeitet mit den Energielinien des K\u00f6rpers. Die \u00d6lmassage ist eine entspannendere Form der Massage. Es werden geruchlose \u00d6le oder Aroma\u00f6le verwendet. Wir arbeiten mit ruhigen Bewegungen am ganzen K\u00f6rper, mit mehr Fokus auf Muskelknetung und Entspannung.<\/p>\t\t\t\t\t\t\t\t<\/div>\n\t\t\t\t\t<\/div>\n\t\t\t\t<\/div>\n\t\t<div class=\"elementor-element elementor-element-b1814be e-flex e-con-boxed e-con e-parent\" data-id=\"b1814be\" data-element_type=\"container\" data-settings=\"{&quot;background_background&quot;:&quot;classic&quot;}\">\n\t\t\t\t\t<div class=\"e-con-inner\">\n\t\t\t\t<div class=\"elementor-element elementor-element-e31554a elementor-widget elementor-widget-heading\" data-id=\"e31554a\" data-element_type=\"widget\" data-widget_type=\"heading.default\">\n\t\t\t\t\t<h2 class=\"elementor-heading-title elementor-size-default\">Willkommen bei uns, wir k\u00fcmmern uns um Sie<\/h2>\t\t\t\t<\/div>\n\t\t\t\t<div class=\"elementor-element elementor-element-44ea9ed elementor-widget elementor-widget-text-editor\" data-id=\"44ea9ed\" data-element_type=\"widget\" data-widget_type=\"text-editor.default\">\n\t\t\t\t\t\t\t\t\t<p>G\u00f6nnen Sie sich einen entspannenden Moment bei einer klassischen Massage. Lassen Sie uns eine Weile auf Sie aufpassen. Wir bieten Behandlungen von Kopf bis Fu\u00df.<\/p>\t\t\t\t\t\t\t\t<\/div>\n\t\t\t\t\t<\/div>\n\t\t\t\t<\/div>\n\t\t\t\t<\/div>\n\t\t","protected":false},"excerpt":{"rendered":"<p>Traditionelle Thai-Massage in Freising Noi\u00b4s Thaimassage Wir bieten klassische Thai-Massage an. Wir haben verschiedene Behandlungen f\u00fcr Sie zur Auswahl.Rufen Sie uns unter 0176 637 610 83 an oder besuchen Sie uns Am Heiliggeistgasse 24 in Freising. Herzlich willkommen! Herzlich Willkommen Willkommen bei Noi\u00b4s Thaimassage. Wir bieten traditionelle Thai-Massagen an. Wir haben viele verschiedene Behandlungen zur [&hellip;]<\/p>\n","protected":false},"author":1,"featured_media":0,"parent":0,"menu_order":10,"comment_status":"closed","ping_status":"closed","template":"","meta":{"footnotes":""},"class_list":["post-8","page","type-page","status-publish","hentry"],"_links":{"self":[{"href":"https:\/\/www.nois-thaimassage-freising.com\/index.php?rest_route=\/wp\/v2\/pages\/8","targetHints":{"allow":["GET"]}}],"collection":[{"href":"https:\/\/www.nois-thaimassage-freising.com\/index.php?rest_route=\/wp\/v2\/pages"}],"about":[{"href":"https:\/\/www.nois-thaimassage-freising.com\/index.php?rest_route=\/wp\/v2\/types\/page"}],"author":[{"embeddable":true,"href":"https:\/\/www.nois-thaimassage-freising.com\/index.php?rest_route=\/wp\/v2\/users\/1"}],"replies":[{"embeddable":true,"href":"https:\/\/www.nois-thaimassage-freising.com\/index.php?rest_route=%2Fwp%2Fv2%2Fcomments&post=8"}],"version-history":[{"count":63,"href":"https:\/\/www.nois-thaimassage-freising.com\/index.php?rest_route=\/wp\/v2\/pages\/8\/revisions"}],"predecessor-version":[{"id":529,"href":"https:\/\/www.nois-thaimassage-freising.com\/index.php?rest_route=\/wp\/v2\/pages\/8\/revisions\/529"}],"wp:attachment":[{"href":"https:\/\/www.nois-thaimassage-freising.com\/index.php?rest_route=%2Fwp%2Fv2%2Fmedia&parent=8"}],"curies":[{"name":"wp","href":"https:\/\/api.w.org\/{rel}","templated":true}]}}